{"id":2635,"date":"2021-07-09T13:51:07","date_gmt":"2021-07-09T11:51:07","guid":{"rendered":"https:\/\/www.fuhr-wire.com\/?page_id=2635"},"modified":"2025-09-15T13:07:05","modified_gmt":"2025-09-15T11:07:05","slug":"site-notice","status":"publish","type":"page","link":"https:\/\/www.fuhr-wire.com\/en\/site-notice\/","title":{"rendered":"Site notice"},"content":{"rendered":"<div class=\"wpb-content-wrapper\"><p>[vc_row full_width=&#8221;stretch_row&#8221;][vc_column][vc_column_text css=&#8221;&#8221;]<\/p>\n<h2>Information pursuant to Sect. 5 German Digital Services Act (DDG\/ DSA)<\/h2>\n<p>FUHR GmbH &amp; Co. KG<br \/>\nOttenhausener Strasse 49<br \/>\n32839 Steinheim\/Westf.<\/p>\n<p>Commercial Register: HRA 6392<br \/>\nRegistration court: Amtsgericht Paderborn<\/p>\n<p><strong>Represented by:<\/strong><br \/>\nFUHR GmbH &amp; Co. KG<\/p>\n<p>That one represented by:<br \/>\nDipl.-Ing. Volker Gerth | Dipl.-Ing., EUR ING, MBA Sebastian K\u00f6nig<\/p>\n<p>Commercial Register: HRB 10965<br \/>\nRegistering court: Amtsgericht Paderborn HRA 6392<\/p>\n<p><strong>Contact<br \/>\n<\/strong>Phone: +49 5233 38360 0<br \/>\nTelefax: +49 5233 38360 50<br \/>\nE-mail: &#111;&#x66;f&#x69;&#x63;&#101;&#x40;f&#117;&#x68;&#114;&#x2d;w&#105;&#x72;e&#x2e;c&#111;&#x6d;<\/p>\n<p><strong>VAT ID<br \/>\n<\/strong>Sales tax identification number according to Sect. 27 a of the Sales Tax Law:<br \/>\nDE 124603081<\/p>\n<p><strong>Business identification number<br \/>\n<\/strong>32657542102<\/p>\n<p><strong>Dispute resolution proceedings in front of a consumer arbitration board<br \/>\n<\/strong>We are not willing or obliged to participate in dispute resolution proceedings in front of a consumer arbitration board.[\/vc_column_text][\/vc_column][\/vc_row][vc_row bg_element=&#8221;bg_light_gray&#8221; full_width=&#8221;stretch_row&#8221;][vc_column][vc_column_text]<\/p>\n<h2>Haftungsausschluss (Disclaimer)<\/h2>\n<p><strong>Haftung f\u00fcr Inhalte<br \/>\n<\/strong>Als Diensteanbieter sind wir gem\u00e4\u00df \u00a7 7 Abs.1 TMG f\u00fcr eigene Inhalte auf diesen Seiten nach den allgemeinen Gesetzen verantwortlich. Nach \u00a7\u00a7 8 bis 10 TMG sind wir als Diensteanbieter jedoch nicht verpflichtet, \u00fcbermittelte oder gespeicherte fremde Informationen zu \u00fcberwachen oder nach Umst\u00e4nden zu forschen, die auf eine rechtswidrige T\u00e4tigkeit hinweisen. Verpflichtungen zur Entfernung oder Sperrung der Nutzung von Informationen nach den allgemeinen Gesetzen bleiben hiervon unber\u00fchrt. Eine diesbez\u00fcgliche Haftung ist jedoch erst ab dem Zeitpunkt der Kenntnis einer konkreten Rechtsverletzung m\u00f6glich. Bei Bekanntwerden von entsprechenden Rechtsverletzungen werden wir diese Inhalte umgehend entfernen.<\/p>\n<p><strong>Haftung f\u00fcr Links<br \/>\n<\/strong>Unser Angebot enth\u00e4lt Links zu externen Webseiten Dritter, auf deren Inhalte wir keinen Einfluss haben. Deshalb k\u00f6nnen wir f\u00fcr diese fremden Inhalte auch keine Gew\u00e4hr \u00fcbernehmen. F\u00fcr die Inhalte der verlinkten Seiten ist stets der jeweilige Anbieter oder Betreiber der Seiten verantwortlich. Die verlinkten Seiten wurden zum Zeitpunkt der Verlinkung auf m\u00f6gliche Rechtsverst\u00f6\u00dfe \u00fcberpr\u00fcft. Rechtswidrige Inhalte waren zum Zeitpunkt der Verlinkung nicht erkennbar. Eine permanente inhaltliche Kontrolle der verlinkten Seiten ist jedoch ohne konkrete<br \/>\nAnhaltspunkte einer Rechtsverletzung nicht zumutbar. Bei Bekanntwerden von Rechtsverletzungen werden wir derartige Links umgehend entfernen.<\/p>\n<p><strong>Urheberrecht<br \/>\n<\/strong>Die durch die Seitenbetreiber erstellten Inhalte und Werke auf diesen Seiten unterliegen dem deutschen Urheberrecht. Die Vervielf\u00e4ltigung, Bearbeitung, Verbreitung und jede Art der Verwertung au\u00dferhalb der Grenzen des Urheberrechtes bed\u00fcrfen der schriftlichen Zustimmung des jeweiligen Autors bzw. Erstellers.<br \/>\nDownloads und Kopien dieser Seite sind nur f\u00fcr den privaten, nicht kommerziellen Gebrauch gestattet. Soweit die Inhalte auf dieser Seite nicht vom Betreiber erstellt wurden, werden die Urheberrechte Dritter beachtet. Insbesondere werden Inhalte Dritter als solche gekennzeichnet. Sollten Sie trotzdem auf eine Urheberrechtsverletzung aufmerksam werden, bitten wir um einen entsprechenden Hinweis. Bei Bekanntwerden von Rechtsverletzungen werden wir derartige Inhalte umgehend entfernen.<\/p>\n<p><strong>Information nach dem Verbraucherstreitbeilegungsgesetz (VSBG)<br \/>\n<\/strong>Wir sind zur Teilnahme an einem Streitbeilegungsverfahren vor einer Verbraucherschlichtungsstelle weder bereit noch verpflichtet.<\/p>\n<p><strong>Sonstige Hinweise<br \/>\n<\/strong>Aus Gr\u00fcnden der besseren Lesbarkeit wird in einigen Texten auf dieser Website der Einfachheit halber nur die m\u00e4nnliche Form verwendet. Beschreibungen beziehen sich gleicherma\u00dfen auf weibliche und m\u00e4nnliche Personen.[\/vc_column_text][\/vc_column][\/vc_row]<\/p>\n<\/div>","protected":false},"excerpt":{"rendered":"<p>[vc_row full_width=&#8221;stretch_row&#8221;][vc_column][vc_column_text css=&#8221;&#8221;] Information pursuant to Sect. 5 German Digital Services Act (DDG\/ DSA) FUHR GmbH &amp; Co. KG Ottenhausener Strasse 49 32839 Steinheim\/Westf. Commercial Register: HRA 6392 Registration court: Amtsgericht Paderborn Represented by: FUHR GmbH &amp; Co. KG That one represented by: Dipl.-Ing. Volker Gerth | Dipl.-Ing., EUR ING, MBA Sebastian K\u00f6nig Commercial Register: [&hellip;]<\/p>\n","protected":false},"author":11,"featured_media":0,"parent":0,"menu_order":0,"comment_status":"closed","ping_status":"closed","template":"","meta":{"_acf_changed":false,"footnotes":""},"class_list":["post-2635","page","type-page","status-publish","hentry"],"acf":[],"_links":{"self":[{"href":"https:\/\/www.fuhr-wire.com\/en\/wp-json\/wp\/v2\/pages\/2635","targetHints":{"allow":["GET"]}}],"collection":[{"href":"https:\/\/www.fuhr-wire.com\/en\/wp-json\/wp\/v2\/pages"}],"about":[{"href":"https:\/\/www.fuhr-wire.com\/en\/wp-json\/wp\/v2\/types\/page"}],"author":[{"embeddable":true,"href":"https:\/\/www.fuhr-wire.com\/en\/wp-json\/wp\/v2\/users\/11"}],"replies":[{"embeddable":true,"href":"https:\/\/www.fuhr-wire.com\/en\/wp-json\/wp\/v2\/comments?post=2635"}],"version-history":[{"count":0,"href":"https:\/\/www.fuhr-wire.com\/en\/wp-json\/wp\/v2\/pages\/2635\/revisions"}],"wp:attachment":[{"href":"https:\/\/www.fuhr-wire.com\/en\/wp-json\/wp\/v2\/media?parent=2635"}],"curies":[{"name":"wp","href":"https:\/\/api.w.org\/{rel}","templated":true}]}}